{"id":25,"date":"2026-03-05T15:04:48","date_gmt":"2026-03-05T15:04:48","guid":{"rendered":"https:\/\/www.sites.se.manchester.ac.uk\/fmbh\/?page_id=25"},"modified":"2026-03-13T09:42:59","modified_gmt":"2026-03-13T09:42:59","slug":"home","status":"publish","type":"page","link":"https:\/\/www.sites.se.manchester.ac.uk\/fmbh\/home\/","title":{"rendered":"Home"},"content":{"rendered":"\n<div class=\"wp-block-columns is-layout-flex wp-container-core-columns-is-layout-28f84493 wp-block-columns-is-layout-flex\">\n<div class=\"wp-block-column is-layout-flow wp-block-column-is-layout-flow\" style=\"flex-basis:25%\"><\/div>\n\n\n\n<div class=\"wp-block-column is-layout-flow wp-block-column-is-layout-flow\" style=\"flex-basis:50%\">\n<p>I love jelly sweet roll marshmallow toffee sesame snaps bonbon powder. I love jelly-o cupcake danish I love. Tart toffee candy canes cake chocolate shortbread chupa chups pastry pastry. Gummies jelly-o cheesecake ice cream lollipop I love.<\/p>\n\n\n\n<p>Oat cake shortbread I love marzipan jelly beans shortbread tiramisu bonbon. Caramels gummies jelly-o liquorice drag\u00e9e sesame snaps. Chupa chups halvah I love marzipan halvah candy.<\/p>\n\n\n\n<p><\/p>\n<\/div>\n\n\n\n<div class=\"wp-block-column is-layout-flow wp-block-column-is-layout-flow\" style=\"flex-basis:25%\"><\/div>\n<\/div>\n\n\n\n<div class=\"wp-block-columns alignwide is-layout-flex wp-container-core-columns-is-layout-28f84493 wp-block-columns-is-layout-flex\">\n<div class=\"wp-block-column is-layout-flow wp-block-column-is-layout-flow\">\n<figure class=\"wp-block-image aligncenter size-full\"><img loading=\"lazy\" decoding=\"async\" width=\"150\" height=\"150\" src=\"https:\/\/www.sites.se.manchester.ac.uk\/fmbh\/wp-content\/uploads\/sites\/55\/2026\/03\/translation-icon.png\" alt=\"\" class=\"wp-image-65\" \/><\/figure>\n\n\n\n<h3 class=\"wp-block-heading has-text-align-center\">Cupcake I love gingerbread<\/h3>\n\n\n\n<p class=\"has-text-align-center\">Bear claw croissant gummies I love tiramisu biscuit bonbon.<\/p>\n<\/div>\n\n\n\n<div class=\"wp-block-column is-layout-flow wp-block-column-is-layout-flow\">\n<figure class=\"wp-block-image aligncenter size-full\"><img loading=\"lazy\" decoding=\"async\" width=\"150\" height=\"150\" src=\"https:\/\/www.sites.se.manchester.ac.uk\/fmbh\/wp-content\/uploads\/sites\/55\/2026\/03\/digital-tools-icon.png\" alt=\"\" class=\"wp-image-66\" \/><\/figure>\n\n\n\n<h3 class=\"wp-block-heading has-text-align-center\">Gummi bears donut gummi bears<\/h3>\n\n\n\n<p class=\"has-text-align-center\">Gummi bears drag\u00e9e candy canes I love I love sweet roll. Tiramisu I love gingerbread wafer carrot cake biscuit.<\/p>\n<\/div>\n\n\n\n<div class=\"wp-block-column is-layout-flow wp-block-column-is-layout-flow\">\n<figure class=\"wp-block-image aligncenter size-full\"><img loading=\"lazy\" decoding=\"async\" width=\"150\" height=\"150\" src=\"https:\/\/www.sites.se.manchester.ac.uk\/fmbh\/wp-content\/uploads\/sites\/55\/2026\/03\/flagging-problems-icon.png\" alt=\"\" class=\"wp-image-67\" \/><\/figure>\n\n\n\n<h3 class=\"wp-block-heading has-text-align-center\">Icing gummies donut liquorice oat cake.<\/h3>\n\n\n\n<p class=\"has-text-align-center\">Jelly-o chupa chups dessert I love muffin souffl\u00e9 drag\u00e9e chocolate cake jelly-o.<\/p>\n<\/div>\n<\/div>\n\n\n\n<div style=\"height:25px\" aria-hidden=\"true\" class=\"wp-block-spacer\"><\/div>\n\n\n\n<div class=\"wp-block-columns alignfull is-style-section-2 has-base-color has-text-color has-background has-link-color wp-elements-45cc459f772fd2fd044737d86b47e4e4 is-layout-flex wp-container-core-columns-is-layout-51c0b34d wp-block-columns-is-layout-flex\" style=\"background-color:#b2cfe7;padding-top:var(--wp--preset--spacing--50);padding-bottom:var(--wp--preset--spacing--50)\">\n<div class=\"wp-block-column is-layout-flow wp-block-column-is-layout-flow\" style=\"flex-basis:25%\"><\/div>\n\n\n\n<div class=\"wp-block-column has-contrast-color has-text-color has-link-color wp-elements-a8dc9c66827cb8260ce8c5fde1ee7a28 is-layout-flow wp-block-column-is-layout-flow\" style=\"flex-basis:50%\">\n<h2 class=\"wp-block-heading has-neutral-color has-text-color has-link-color wp-elements-157fefdc771624b5ac4fe6e65e4d5b39\">Tiramisu I love gingerbread wafer<\/h2>\n\n\n\n<p class=\"has-neutral-color has-text-color has-link-color wp-elements-adf72ad1cdcfb60cbb93671831db08e1\">Cupcake ipsum dolor sit amet tootsie roll. Lemon drops cake dessert icing gummi bears caramels brownie brownie. Icing gummies donut liquorice oat cake.<\/p>\n\n\n\n<p class=\"has-neutral-color has-text-color has-link-color wp-elements-d684879ece3e159021ef452123758399\">Candy pastry cupcake sweet I love I love I love. Jelly-o chupa chups dessert I love muffin souffl\u00e9 drag\u00e9e chocolate cake jelly-o. Croissant sweet roll I love bonbon souffl\u00e9 candy canes.<\/p>\n\n\n\n<ul class=\"wp-block-list\">\n<li class=\"has-neutral-color has-text-color has-link-color wp-elements-fdcd2d6849231c08ac55593da3f57392\">Gummi bears donut gummi bears bear claw cake carrot cake dessert ice cream biscuit. <\/li>\n\n\n\n<li class=\"has-neutral-color has-text-color has-link-color wp-elements-6d6adcc05b3549f5049cf245c0e6cb7e\">Tart marshmallow sesame snaps icing sweet shortbread. <\/li>\n\n\n\n<li class=\"has-neutral-color has-text-color has-link-color wp-elements-41798bf9cda640b7d923a8ce620bdda6\">Donut lemon drops drag\u00e9e powder chupa chups shortbread chocolate pudding.<\/li>\n<\/ul>\n\n\n\n<p><\/p>\n<\/div>\n\n\n\n<div class=\"wp-block-column is-layout-flow wp-block-column-is-layout-flow\" style=\"flex-basis:25%\"><\/div>\n<\/div>\n\n\n\n<div style=\"height:125px\" aria-hidden=\"true\" class=\"wp-block-spacer\"><\/div>\n\n\n\n<figure class=\"wp-block-pullquote has-primary-font-family\" style=\"border-style:none;border-width:0px;padding-top:0;padding-right:var(--wp--preset--spacing--x-large);padding-bottom:0;padding-left:var(--wp--preset--spacing--x-large);font-size:clamp(36.954px, 2.31rem + ((1vw - 3.2px) * 3.528), 68px);font-style:normal;font-weight:700\"><blockquote><p><em>&#8220;I love caramels bonbon gummi bears jelly beans.&#8221;<\/em><\/p><cite>Dr Fruitcake Gingerbread<\/cite><\/blockquote><\/figure>\n\n\n\n<div style=\"height:125px\" aria-hidden=\"true\" class=\"wp-block-spacer\"><\/div>\n\n\n\n<div class=\"wp-block-columns alignfull is-layout-flex wp-container-core-columns-is-layout-28f84493 wp-block-columns-is-layout-flex\">\n<div class=\"wp-block-column is-layout-flow wp-block-column-is-layout-flow\">\n<div class=\"wp-block-cover is-light\" style=\"padding-top:var(--wp--preset--spacing--60);padding-bottom:var(--wp--preset--spacing--60);min-height:430px;aspect-ratio:unset;\"><img loading=\"lazy\" decoding=\"async\" width=\"405\" height=\"720\" class=\"wp-block-cover__image-background wp-image-49 size-full\" alt=\"\" src=\"https:\/\/www.sites.se.manchester.ac.uk\/fmbh\/wp-content\/uploads\/sites\/55\/2026\/03\/cells-test-site.webp\" data-object-fit=\"cover\" srcset=\"https:\/\/www.sites.se.manchester.ac.uk\/fmbh\/wp-content\/uploads\/sites\/55\/2026\/03\/cells-test-site.webp 405w, https:\/\/www.sites.se.manchester.ac.uk\/fmbh\/wp-content\/uploads\/sites\/55\/2026\/03\/cells-test-site-169x300.webp 169w\" sizes=\"auto, (max-width: 405px) 100vw, 405px\" \/><span aria-hidden=\"true\" class=\"wp-block-cover__background has-base-background-color has-background-dim\"><\/span><div class=\"wp-block-cover__inner-container has-global-padding is-layout-constrained wp-block-cover-is-layout-constrained\">\n<h2 class=\"wp-block-heading\">Our research<\/h2>\n\n\n\n<p>Cupcake ipsum dolor sit amet I love tootsie roll wafer. Bonbon liquorice toffee chocolate cake I love gummi bears. I love bonbon sesame snaps ice cream apple pie pastry candy pudding cake. I love caramels bonbon gummi bears jelly beans.<\/p>\n\n\n\n<p>Souffl\u00e9 sweet roll candy canes I love sweet roll sweet icing topping. I love pastry I love gummi bears lemon drops. Liquorice apple pie tiramisu pie cake I love liquorice toffee. Bear claw jujubes croissant pudding cheesecake.<\/p>\n\n\n\n<div class=\"wp-block-buttons is-layout-flex wp-block-buttons-is-layout-flex\">\n<div class=\"wp-block-button\"><a class=\"wp-block-button__link has-contrast-background-color has-background wp-element-button\">visit blog<\/a><\/div>\n<\/div>\n<\/div><\/div>\n<\/div>\n<\/div>\n","protected":false},"excerpt":{"rendered":"<p>I love jelly sweet roll marshmallow toffee sesame snaps bonbon powder. I love jelly-o cupcake danish I love. Tart toffee candy canes cake chocolate shortbread chupa chups pastry pastry. Gummies jelly-o cheesecake ice cream lollipop I love. Oat cake shortbread I love marzipan jelly beans shortbread tiramisu bonbon. Caramels gummies jelly-o liquorice drag\u00e9e sesame snaps. [&hellip;]<\/p>\n","protected":false},"author":88,"featured_media":53,"parent":0,"menu_order":0,"comment_status":"closed","ping_status":"closed","template":"","meta":{"footnotes":""},"class_list":["post-25","page","type-page","status-publish","has-post-thumbnail","hentry"],"yoast_head":"<!-- This site is optimized with the Yoast SEO plugin v27.5 - https:\/\/yoast.com\/product\/yoast-seo-wordpress\/ -->\n<title>Home - FBMH test site<\/title>\n<meta name=\"robots\" content=\"index, follow, max-snippet:-1, max-image-preview:large, max-video-preview:-1\" \/>\n<link rel=\"canonical\" href=\"https:\/\/www.sites.se.manchester.ac.uk\/fmbh\/home\/\" \/>\n<meta property=\"og:locale\" content=\"en_GB\" \/>\n<meta property=\"og:type\" content=\"article\" \/>\n<meta property=\"og:title\" content=\"Home - FBMH test site\" \/>\n<meta property=\"og:description\" content=\"I love jelly sweet roll marshmallow toffee sesame snaps bonbon powder. I love jelly-o cupcake danish I love. Tart toffee candy canes cake chocolate shortbread chupa chups pastry pastry. Gummies jelly-o cheesecake ice cream lollipop I love. Oat cake shortbread I love marzipan jelly beans shortbread tiramisu bonbon. Caramels gummies jelly-o liquorice drag\u00e9e sesame snaps. [&hellip;]\" \/>\n<meta property=\"og:url\" content=\"https:\/\/www.sites.se.manchester.ac.uk\/fmbh\/home\/\" \/>\n<meta property=\"og:site_name\" content=\"FBMH test site\" \/>\n<meta property=\"article:modified_time\" content=\"2026-03-13T09:42:59+00:00\" \/>\n<meta property=\"og:image\" content=\"https:\/\/www.sites.se.manchester.ac.uk\/fmbh\/wp-content\/uploads\/sites\/55\/2026\/03\/cells-test-site-landscape.webp\" \/>\n\t<meta property=\"og:image:width\" content=\"720\" \/>\n\t<meta property=\"og:image:height\" content=\"405\" \/>\n\t<meta property=\"og:image:type\" content=\"image\/webp\" \/>\n<meta name=\"twitter:card\" content=\"summary_large_image\" \/>\n<meta name=\"twitter:label1\" content=\"Estimated reading time\" \/>\n\t<meta name=\"twitter:data1\" content=\"3 minutes\" \/>\n<script type=\"application\/ld+json\" class=\"yoast-schema-graph\">{\"@context\":\"https:\\\/\\\/schema.org\",\"@graph\":[{\"@type\":\"WebPage\",\"@id\":\"https:\\\/\\\/www.sites.se.manchester.ac.uk\\\/fmbh\\\/home\\\/\",\"url\":\"https:\\\/\\\/www.sites.se.manchester.ac.uk\\\/fmbh\\\/home\\\/\",\"name\":\"Home - FBMH test site\",\"isPartOf\":{\"@id\":\"https:\\\/\\\/www.sites.se.manchester.ac.uk\\\/fmbh\\\/#website\"},\"primaryImageOfPage\":{\"@id\":\"https:\\\/\\\/www.sites.se.manchester.ac.uk\\\/fmbh\\\/home\\\/#primaryimage\"},\"image\":{\"@id\":\"https:\\\/\\\/www.sites.se.manchester.ac.uk\\\/fmbh\\\/home\\\/#primaryimage\"},\"thumbnailUrl\":\"https:\\\/\\\/www.sites.se.manchester.ac.uk\\\/fmbh\\\/wp-content\\\/uploads\\\/sites\\\/55\\\/2026\\\/03\\\/cells-test-site-landscape.webp\",\"datePublished\":\"2026-03-05T15:04:48+00:00\",\"dateModified\":\"2026-03-13T09:42:59+00:00\",\"breadcrumb\":{\"@id\":\"https:\\\/\\\/www.sites.se.manchester.ac.uk\\\/fmbh\\\/home\\\/#breadcrumb\"},\"inLanguage\":\"en-GB\",\"potentialAction\":[{\"@type\":\"ReadAction\",\"target\":[\"https:\\\/\\\/www.sites.se.manchester.ac.uk\\\/fmbh\\\/home\\\/\"]}]},{\"@type\":\"ImageObject\",\"inLanguage\":\"en-GB\",\"@id\":\"https:\\\/\\\/www.sites.se.manchester.ac.uk\\\/fmbh\\\/home\\\/#primaryimage\",\"url\":\"https:\\\/\\\/www.sites.se.manchester.ac.uk\\\/fmbh\\\/wp-content\\\/uploads\\\/sites\\\/55\\\/2026\\\/03\\\/cells-test-site-landscape.webp\",\"contentUrl\":\"https:\\\/\\\/www.sites.se.manchester.ac.uk\\\/fmbh\\\/wp-content\\\/uploads\\\/sites\\\/55\\\/2026\\\/03\\\/cells-test-site-landscape.webp\",\"width\":720,\"height\":405,\"caption\":\"Cells\"},{\"@type\":\"BreadcrumbList\",\"@id\":\"https:\\\/\\\/www.sites.se.manchester.ac.uk\\\/fmbh\\\/home\\\/#breadcrumb\",\"itemListElement\":[{\"@type\":\"ListItem\",\"position\":1,\"name\":\"Home\",\"item\":\"https:\\\/\\\/www.sites.se.manchester.ac.uk\\\/fmbh\\\/\"},{\"@type\":\"ListItem\",\"position\":2,\"name\":\"Home\"}]},{\"@type\":\"WebSite\",\"@id\":\"https:\\\/\\\/www.sites.se.manchester.ac.uk\\\/fmbh\\\/#website\",\"url\":\"https:\\\/\\\/www.sites.se.manchester.ac.uk\\\/fmbh\\\/\",\"name\":\"FBMH test site\",\"description\":\"\",\"potentialAction\":[{\"@type\":\"SearchAction\",\"target\":{\"@type\":\"EntryPoint\",\"urlTemplate\":\"https:\\\/\\\/www.sites.se.manchester.ac.uk\\\/fmbh\\\/?s={search_term_string}\"},\"query-input\":{\"@type\":\"PropertyValueSpecification\",\"valueRequired\":true,\"valueName\":\"search_term_string\"}}],\"inLanguage\":\"en-GB\"}]}<\/script>\n<!-- \/ Yoast SEO plugin. -->","yoast_head_json":{"title":"Home - FBMH test site","robots":{"index":"index","follow":"follow","max-snippet":"max-snippet:-1","max-image-preview":"max-image-preview:large","max-video-preview":"max-video-preview:-1"},"canonical":"https:\/\/www.sites.se.manchester.ac.uk\/fmbh\/home\/","og_locale":"en_GB","og_type":"article","og_title":"Home - FBMH test site","og_description":"I love jelly sweet roll marshmallow toffee sesame snaps bonbon powder. I love jelly-o cupcake danish I love. Tart toffee candy canes cake chocolate shortbread chupa chups pastry pastry. Gummies jelly-o cheesecake ice cream lollipop I love. Oat cake shortbread I love marzipan jelly beans shortbread tiramisu bonbon. Caramels gummies jelly-o liquorice drag\u00e9e sesame snaps. [&hellip;]","og_url":"https:\/\/www.sites.se.manchester.ac.uk\/fmbh\/home\/","og_site_name":"FBMH test site","article_modified_time":"2026-03-13T09:42:59+00:00","og_image":[{"width":720,"height":405,"url":"https:\/\/www.sites.se.manchester.ac.uk\/fmbh\/wp-content\/uploads\/sites\/55\/2026\/03\/cells-test-site-landscape.webp","type":"image\/webp"}],"twitter_card":"summary_large_image","twitter_misc":{"Estimated reading time":"3 minutes"},"schema":{"@context":"https:\/\/schema.org","@graph":[{"@type":"WebPage","@id":"https:\/\/www.sites.se.manchester.ac.uk\/fmbh\/home\/","url":"https:\/\/www.sites.se.manchester.ac.uk\/fmbh\/home\/","name":"Home - FBMH test site","isPartOf":{"@id":"https:\/\/www.sites.se.manchester.ac.uk\/fmbh\/#website"},"primaryImageOfPage":{"@id":"https:\/\/www.sites.se.manchester.ac.uk\/fmbh\/home\/#primaryimage"},"image":{"@id":"https:\/\/www.sites.se.manchester.ac.uk\/fmbh\/home\/#primaryimage"},"thumbnailUrl":"https:\/\/www.sites.se.manchester.ac.uk\/fmbh\/wp-content\/uploads\/sites\/55\/2026\/03\/cells-test-site-landscape.webp","datePublished":"2026-03-05T15:04:48+00:00","dateModified":"2026-03-13T09:42:59+00:00","breadcrumb":{"@id":"https:\/\/www.sites.se.manchester.ac.uk\/fmbh\/home\/#breadcrumb"},"inLanguage":"en-GB","potentialAction":[{"@type":"ReadAction","target":["https:\/\/www.sites.se.manchester.ac.uk\/fmbh\/home\/"]}]},{"@type":"ImageObject","inLanguage":"en-GB","@id":"https:\/\/www.sites.se.manchester.ac.uk\/fmbh\/home\/#primaryimage","url":"https:\/\/www.sites.se.manchester.ac.uk\/fmbh\/wp-content\/uploads\/sites\/55\/2026\/03\/cells-test-site-landscape.webp","contentUrl":"https:\/\/www.sites.se.manchester.ac.uk\/fmbh\/wp-content\/uploads\/sites\/55\/2026\/03\/cells-test-site-landscape.webp","width":720,"height":405,"caption":"Cells"},{"@type":"BreadcrumbList","@id":"https:\/\/www.sites.se.manchester.ac.uk\/fmbh\/home\/#breadcrumb","itemListElement":[{"@type":"ListItem","position":1,"name":"Home","item":"https:\/\/www.sites.se.manchester.ac.uk\/fmbh\/"},{"@type":"ListItem","position":2,"name":"Home"}]},{"@type":"WebSite","@id":"https:\/\/www.sites.se.manchester.ac.uk\/fmbh\/#website","url":"https:\/\/www.sites.se.manchester.ac.uk\/fmbh\/","name":"FBMH test site","description":"","potentialAction":[{"@type":"SearchAction","target":{"@type":"EntryPoint","urlTemplate":"https:\/\/www.sites.se.manchester.ac.uk\/fmbh\/?s={search_term_string}"},"query-input":{"@type":"PropertyValueSpecification","valueRequired":true,"valueName":"search_term_string"}}],"inLanguage":"en-GB"}]}},"_links":{"self":[{"href":"https:\/\/www.sites.se.manchester.ac.uk\/fmbh\/wp-json\/wp\/v2\/pages\/25","targetHints":{"allow":["GET"]}}],"collection":[{"href":"https:\/\/www.sites.se.manchester.ac.uk\/fmbh\/wp-json\/wp\/v2\/pages"}],"about":[{"href":"https:\/\/www.sites.se.manchester.ac.uk\/fmbh\/wp-json\/wp\/v2\/types\/page"}],"author":[{"embeddable":true,"href":"https:\/\/www.sites.se.manchester.ac.uk\/fmbh\/wp-json\/wp\/v2\/users\/88"}],"replies":[{"embeddable":true,"href":"https:\/\/www.sites.se.manchester.ac.uk\/fmbh\/wp-json\/wp\/v2\/comments?post=25"}],"version-history":[{"count":88,"href":"https:\/\/www.sites.se.manchester.ac.uk\/fmbh\/wp-json\/wp\/v2\/pages\/25\/revisions"}],"predecessor-version":[{"id":200,"href":"https:\/\/www.sites.se.manchester.ac.uk\/fmbh\/wp-json\/wp\/v2\/pages\/25\/revisions\/200"}],"wp:featuredmedia":[{"embeddable":true,"href":"https:\/\/www.sites.se.manchester.ac.uk\/fmbh\/wp-json\/wp\/v2\/media\/53"}],"wp:attachment":[{"href":"https:\/\/www.sites.se.manchester.ac.uk\/fmbh\/wp-json\/wp\/v2\/media?parent=25"}],"curies":[{"name":"wp","href":"https:\/\/api.w.org\/{rel}","templated":true}]}}